{"id":211,"date":"2024-10-06T19:37:15","date_gmt":"2024-10-06T23:37:15","guid":{"rendered":"https:\/\/3plrivenord.com\/about-us\/"},"modified":"2024-10-23T07:44:52","modified_gmt":"2024-10-23T11:44:52","slug":"a-propos","status":"publish","type":"page","link":"https:\/\/www.3plrivenord.com\/fr\/a-propos\/","title":{"rendered":"\u00c0 propos"},"content":{"rendered":"\t\t<div data-elementor-type=\"wp-page\" data-elementor-id=\"211\" class=\"elementor elementor-211 elementor-32\" data-elementor-post-type=\"page\">\n\t\t\t\t\t\t<section class=\"wd-negative-gap elementor-section elementor-top-section elementor-element elementor-element-756ebbb4 elementor-section-boxed elementor-section-height-default elementor-section-height-default\" data-id=\"756ebbb4\" data-element_type=\"section\">\n\t\t\t\t\t\t<div class=\"elementor-container elementor-column-gap-default\">\n\t\t\t\t\t<div class=\"elementor-column elementor-col-100 elementor-top-column elementor-element elementor-element-1d632438\" data-id=\"1d632438\" data-element_type=\"column\">\n\t\t\t<div class=\"elementor-widget-wrap\">\n\t\t\t\t\t\t\t<\/div>\n\t\t<\/div>\n\t\t\t\t\t<\/div>\n\t\t<\/section>\n\t\t\t\t<section class=\"wd-negative-gap elementor-section elementor-top-section elementor-element elementor-element-514e3b28 elementor-section-boxed elementor-section-height-default elementor-section-height-default\" data-id=\"514e3b28\" data-element_type=\"section\">\n\t\t\t\t\t\t<div class=\"elementor-container elementor-column-gap-default\">\n\t\t\t\t\t<div class=\"elementor-column elementor-col-100 elementor-top-column elementor-element elementor-element-43ce8a95\" data-id=\"43ce8a95\" data-element_type=\"column\">\n\t\t\t<div class=\"elementor-widget-wrap elementor-element-populated\">\n\t\t\t\t\t\t<div class=\"elementor-element elementor-element-6842bacf elementor-widget elementor-widget-slider_revolution\" data-id=\"6842bacf\" data-element_type=\"widget\" data-widget_type=\"slider_revolution.default\">\n\t\t\t\t<div class=\"elementor-widget-container\">\n\t\t\t\t\t\n\t\t<div class=\"wp-block-themepunch-revslider\">\n\t\t\t\t<p class=\"rs-p-wp-fix\"><\/p>\n\t\t\t\t<sr7-module data-alias=\"About-FR\" data-id=\"4\" id=\"SR7_4_1\" class=\"rs-ov-hidden\" data-version=\"6.7.20\">\n\t\t\t\t\t<sr7-adjuster><\/sr7-adjuster>\n\t\t\t\t\t<sr7-content>\n\t\t\t\t\t\t<sr7-slide id=\"SR7_4_1-6\" data-key=\"6\">\n\t\t\t\t\t\t\t<a id=\"SR7_4_1-6-1\" class=\"sr7-layer\" href=\"https:\/\/www.a13pl.com\/fr\/nous-joindre\/\" target=\"_self\">Contactez-Nous<\/a>\n\t\t\t\t\t\t\t<sr7-txt id=\"SR7_4_1-6-2\" class=\"sr7-layer\">OPTIMISEZ VOS LOGISTIQUES<\/sr7-txt>\n\t\t\t\t\t\t\t<sr7-txt id=\"SR7_4_1-6-5\" class=\"sr7-layer\">Rationalisation des op\u00e9rations pour des solutions logistiques rapides, \u00e9conomiques et \u00e9volutives adapt\u00e9es \u00e0 votre entreprise<\/sr7-txt>\n\t\t\t\t\t\t<\/sr7-slide>\n\t\t\t\t\t\t<sr7-slide id=\"SR7_4_1-9\" data-key=\"9\">\n\t\t\t\t\t\t<\/sr7-slide>\n\t\t\t\t\t<\/sr7-content>\n\t\t\t\t<\/sr7-module>\n\t\t\t\t<script>\n\t\t\t\t\tSR7.PMH ??={}; SR7.PMH[\"SR7_4_1\"] = {cn:0,state:false,fn: function() { if (_tpt!==undefined && _tpt.prepareModuleHeight !== undefined) {  _tpt.prepareModuleHeight({id:\"SR7_4_1\",el:[650,650,768,960,720],type:'standard',shdw:'0',gh:[650,650,537,408,252],gw:[1240,1240,1024,778,480],vpt:['100px'],size:{fullWidth:true, fullHeight:false},mh:'0',onh:0,onw:0,bg:{color:'{\"orig\":\"transparent\",\"type\":\"solid\",\"string\":\"transparent\"}'}});   SR7.PMH[\"SR7_4_1\"].state=true;} else if((SR7.PMH[\"SR7_4_1\"].cn++)<100)\tsetTimeout( SR7.PMH[\"SR7_4_1\"].fn,19);}};SR7.PMH[\"SR7_4_1\" ].fn();\n\t\t\t\t<\/script>\n<\/div>\n\n\t\t\t\t\t\t<\/div>\n\t\t\t\t<\/div>\n\t\t\t\t\t<\/div>\n\t\t<\/div>\n\t\t\t\t\t<\/div>\n\t\t<\/section>\n\t\t\t\t<section class=\"wd-negative-gap elementor-section elementor-top-section elementor-element elementor-element-7fc079d1 elementor-section-boxed elementor-section-height-default elementor-section-height-default\" data-id=\"7fc079d1\" data-element_type=\"section\">\n\t\t\t\t\t\t<div class=\"elementor-container elementor-column-gap-default\">\n\t\t\t\t\t<div class=\"elementor-column elementor-col-100 elementor-top-column elementor-element elementor-element-17e79d63\" data-id=\"17e79d63\" data-element_type=\"column\">\n\t\t\t<div class=\"elementor-widget-wrap elementor-element-populated\">\n\t\t\t\t\t\t<div class=\"elementor-element elementor-element-1243a49 elementor-widget elementor-widget-spacer\" data-id=\"1243a49\" data-element_type=\"widget\" data-widget_type=\"spacer.default\">\n\t\t\t\t<div class=\"elementor-widget-container\">\n\t\t\t\t\t\t\t<div class=\"elementor-spacer\">\n\t\t\t<div class=\"elementor-spacer-inner\"><\/div>\n\t\t<\/div>\n\t\t\t\t\t\t<\/div>\n\t\t\t\t<\/div>\n\t\t\t\t\t<\/div>\n\t\t<\/div>\n\t\t\t\t\t<\/div>\n\t\t<\/section>\n\t\t\t\t<section class=\"wd-negative-gap elementor-section elementor-top-section elementor-element elementor-element-6dfd7985 elementor-section-boxed elementor-section-height-default elementor-section-height-default\" data-id=\"6dfd7985\" data-element_type=\"section\">\n\t\t\t\t\t\t<div class=\"elementor-container elementor-column-gap-default\">\n\t\t\t\t\t<div class=\"elementor-column elementor-col-100 elementor-top-column elementor-element elementor-element-aa9dd5f\" data-id=\"aa9dd5f\" data-element_type=\"column\">\n\t\t\t<div class=\"elementor-widget-wrap elementor-element-populated\">\n\t\t\t\t\t\t<div class=\"elementor-element elementor-element-27afffe elementor-widget elementor-widget-heading\" data-id=\"27afffe\" data-element_type=\"widget\" data-widget_type=\"heading.default\">\n\t\t\t\t<div class=\"elementor-widget-container\">\n\t\t\t\t\t<h2 class=\"elementor-heading-title elementor-size-default\">Pourquoi choisir A1-3PL\u202f?<\/h2>\t\t\t\t<\/div>\n\t\t\t\t<\/div>\n\t\t\t\t<div class=\"elementor-element elementor-element-2ce930bd color-scheme-inherit text-left elementor-widget elementor-widget-text-editor\" data-id=\"2ce930bd\" data-element_type=\"widget\" data-widget_type=\"text-editor.default\">\n\t\t\t\t<div class=\"elementor-widget-container\">\n\t\t\t\t\t\t\t\t\t<p>Collaborer avec nous vous permet d&rsquo;\u00e9viter les charges financi\u00e8res li\u00e9es au loyer fixe, \u00e0 l&rsquo;infrastructure et au personnel, entra\u00eenant ainsi des \u00e9conomies substantielles pour votre entreprise. De plus, les co\u00fbts se transforment en d\u00e9penses variables bas\u00e9es sur le volume d&rsquo;affaires, plut\u00f4t qu&rsquo;en frais fixes, ce qui constitue un avantage suppl\u00e9mentaire significatif.<\/p><p>N&rsquo;oublions pas l&rsquo;externalisation de votre logistique de transport, qui vous permettra d&rsquo;acc\u00e9der \u00e0 des tarifs d&rsquo;exp\u00e9dition plus comp\u00e9titifs. Nos prix d&rsquo;exp\u00e9dition sont tr\u00e8s attractifs gr\u00e2ce \u00e0 notre client\u00e8le diversifi\u00e9e et \u00e0 un volume \u00e9lev\u00e9 d&rsquo;exp\u00e9ditions.<\/p>\t\t\t\t\t\t\t\t<\/div>\n\t\t\t\t<\/div>\n\t\t\t\t\t<\/div>\n\t\t<\/div>\n\t\t\t\t\t<\/div>\n\t\t<\/section>\n\t\t\t\t<section class=\"elementor-section elementor-top-section elementor-element elementor-element-7a80111f wd-section-stretch elementor-section-boxed elementor-section-height-default elementor-section-height-default\" data-id=\"7a80111f\" data-element_type=\"section\">\n\t\t\t\t\t\t<div class=\"elementor-container elementor-column-gap-default\">\n\t\t\t\t\t<div class=\"elementor-column elementor-col-50 elementor-top-column elementor-element elementor-element-e821880\" data-id=\"e821880\" data-element_type=\"column\" data-settings=\"{&quot;background_background&quot;:&quot;classic&quot;}\">\n\t\t\t<div class=\"elementor-widget-wrap elementor-element-populated\">\n\t\t\t\t\t\t<div class=\"elementor-element elementor-element-899614 elementor-widget elementor-widget-image\" data-id=\"899614\" data-element_type=\"widget\" data-widget_type=\"image.default\">\n\t\t\t\t<div class=\"elementor-widget-container\">\n\t\t\t\t\t\t\t\t\t\t\t\t\t\t\t<img fetchpriority=\"high\" decoding=\"async\" width=\"1920\" height=\"1080\" src=\"http:\/\/www.3plrivenord.com\/wp-content\/uploads\/2024\/10\/Warehouse.jpg\" class=\"attachment-full size-full wp-image-169\" alt=\"Organized shelving and pallet storage inside 3PLRivenord facility\" srcset=\"http:\/\/www.3plrivenord.com\/wp-content\/uploads\/2024\/10\/Warehouse.jpg 1920w, http:\/\/www.3plrivenord.com\/wp-content\/uploads\/2024\/10\/Warehouse-300x169.jpg 300w, http:\/\/www.3plrivenord.com\/wp-content\/uploads\/2024\/10\/Warehouse-1024x576.jpg 1024w, http:\/\/www.3plrivenord.com\/wp-content\/uploads\/2024\/10\/Warehouse-768x432.jpg 768w, http:\/\/www.3plrivenord.com\/wp-content\/uploads\/2024\/10\/Warehouse-1536x864.jpg 1536w\" sizes=\"(max-width: 1920px) 100vw, 1920px\" title=\"Warehousejpg | 3PL RiveNord\" \/>\t\t\t\t\t\t\t\t\t\t\t\t\t\t\t<\/div>\n\t\t\t\t<\/div>\n\t\t\t\t\t<\/div>\n\t\t<\/div>\n\t\t\t\t<div class=\"elementor-column elementor-col-50 elementor-top-column elementor-element elementor-element-5b3f3fcf\" data-id=\"5b3f3fcf\" data-element_type=\"column\">\n\t\t\t<div class=\"elementor-widget-wrap elementor-element-populated\">\n\t\t\t\t\t\t<div class=\"elementor-element elementor-element-5dff4edb elementor-widget elementor-widget-heading\" data-id=\"5dff4edb\" data-element_type=\"widget\" data-widget_type=\"heading.default\">\n\t\t\t\t<div class=\"elementor-widget-container\">\n\t\t\t\t\t<h2 class=\"elementor-heading-title elementor-size-default\">\u00c0 PROPOS DE NOUS <\/h2>\t\t\t\t<\/div>\n\t\t\t\t<\/div>\n\t\t\t\t<div class=\"elementor-element elementor-element-693fb3c0 elementor-widget elementor-widget-heading\" data-id=\"693fb3c0\" data-element_type=\"widget\" data-widget_type=\"heading.default\">\n\t\t\t\t<div class=\"elementor-widget-container\">\n\t\t\t\t\t<h4 class=\"elementor-heading-title elementor-size-default\">Associez-vous \u00e0 A1-3PL pour la croissance et le succ\u00e8s de votre entreprise<\/h4>\t\t\t\t<\/div>\n\t\t\t\t<\/div>\n\t\t\t\t<div class=\"elementor-element elementor-element-67f65627 color-scheme-inherit text-left elementor-widget elementor-widget-text-editor\" data-id=\"67f65627\" data-element_type=\"widget\" data-widget_type=\"text-editor.default\">\n\t\t\t\t<div class=\"elementor-widget-container\">\n\t\t\t\t\t\t\t\t\t<p>Opter pour A1-3PL pour la gestion de votre logistique est sans doute l\u2019une des meilleures d\u00e9cisions pour l\u2019avenir de votre entreprise. Avec plus de 20 ans d\u2019exp\u00e9rience dans le domaine de la distribution et une connaissance approfondie de divers services 3PL, nous sommes fiers de mettre notre expertise et notre savoir-faire au service des entreprises locales. Nous avons le plaisir d\u2019accueillir nos clients dans notre entrep\u00f4t \u00e0 Boisbriand, id\u00e9alement situ\u00e9 sur la Rive-Nord de Montr\u00e9al, \u00e0 la crois\u00e9e des autoroutes 640 et 15.<\/p>\t\t\t\t\t\t\t\t<\/div>\n\t\t\t\t<\/div>\n\t\t\t\t\t<\/div>\n\t\t<\/div>\n\t\t\t\t\t<\/div>\n\t\t<\/section>\n\t\t\t\t<section class=\"wd-negative-gap elementor-section elementor-top-section elementor-element elementor-element-3b335a81 wd-section-stretch elementor-section-boxed elementor-section-height-default elementor-section-height-default\" data-id=\"3b335a81\" data-element_type=\"section\" data-settings=\"{&quot;background_background&quot;:&quot;classic&quot;}\">\n\t\t\t\t\t\t\t<div class=\"elementor-background-overlay\"><\/div>\n\t\t\t\t\t\t\t<div class=\"elementor-container elementor-column-gap-default\">\n\t\t\t\t\t<div class=\"elementor-column elementor-col-100 elementor-top-column elementor-element elementor-element-6533916b\" data-id=\"6533916b\" data-element_type=\"column\">\n\t\t\t<div class=\"elementor-widget-wrap elementor-element-populated\">\n\t\t\t\t\t\t<section class=\"wd-negative-gap elementor-section elementor-inner-section elementor-element elementor-element-7d670f76 wd-section-stretch elementor-section-boxed elementor-section-height-default elementor-section-height-default\" data-id=\"7d670f76\" data-element_type=\"section\">\n\t\t\t\t\t\t<div class=\"elementor-container elementor-column-gap-default\">\n\t\t\t\t\t<div class=\"elementor-column elementor-col-100 elementor-inner-column elementor-element elementor-element-4e2dbf73\" data-id=\"4e2dbf73\" data-element_type=\"column\">\n\t\t\t<div class=\"elementor-widget-wrap elementor-element-populated\">\n\t\t\t\t\t\t<div class=\"elementor-element elementor-element-1ebd7491 elementor-widget elementor-widget-heading\" data-id=\"1ebd7491\" data-element_type=\"widget\" data-widget_type=\"heading.default\">\n\t\t\t\t<div class=\"elementor-widget-container\">\n\t\t\t\t\t<h2 class=\"elementor-heading-title elementor-size-default\"> QU'EST-CE QU'UN 3PL? <\/h2>\t\t\t\t<\/div>\n\t\t\t\t<\/div>\n\t\t\t\t<div class=\"elementor-element elementor-element-ea42ce3 elementor-widget elementor-widget-heading\" data-id=\"ea42ce3\" data-element_type=\"widget\" data-widget_type=\"heading.default\">\n\t\t\t\t<div class=\"elementor-widget-container\">\n\t\t\t\t\t<h4 class=\"elementor-heading-title elementor-size-default\">Un 3PL, abr\u00e9viation de \u00abThird-Party Logistics provider\u00bb, est une entreprise sp\u00e9cialis\u00e9e dans la gestion des op\u00e9rations logistiques pour le compte de ses clients. Ces services comprennent g\u00e9n\u00e9ralement<\/h4>\t\t\t\t<\/div>\n\t\t\t\t<\/div>\n\t\t\t\t<div class=\"elementor-element elementor-element-11fc042 color-scheme-inherit text-left elementor-widget elementor-widget-text-editor\" data-id=\"11fc042\" data-element_type=\"widget\" data-widget_type=\"text-editor.default\">\n\t\t\t\t<div class=\"elementor-widget-container\">\n\t\t\t\t\t\t\t\t\t<p>Les entreprises se tournent vers des 3PL pour am\u00e9liorer leur cha\u00eene d&rsquo;approvisionnement, diminuer les co\u00fbts op\u00e9rationnels, accro\u00eetre leur flexibilit\u00e9 et acc\u00e9der \u00e0 une expertise logistique sp\u00e9cialis\u00e9e, le tout sans avoir \u00e0 investir dans leur propre infrastructure.<\/p>\t\t\t\t\t\t\t\t<\/div>\n\t\t\t\t<\/div>\n\t\t\t\t\t<\/div>\n\t\t<\/div>\n\t\t\t\t\t<\/div>\n\t\t<\/section>\n\t\t\t\t\t<\/div>\n\t\t<\/div>\n\t\t\t\t\t<\/div>\n\t\t<\/section>\n\t\t\t\t<section class=\"wd-negative-gap elementor-section elementor-top-section elementor-element elementor-element-5a4ab5f5 elementor-section-boxed elementor-section-height-default elementor-section-height-default\" data-id=\"5a4ab5f5\" data-element_type=\"section\">\n\t\t\t\t\t\t<div class=\"elementor-container elementor-column-gap-default\">\n\t\t\t\t\t<div class=\"elementor-column elementor-col-100 elementor-top-column elementor-element elementor-element-284a1d26\" data-id=\"284a1d26\" data-element_type=\"column\">\n\t\t\t<div class=\"elementor-widget-wrap elementor-element-populated\">\n\t\t\t\t\t\t<div class=\"elementor-element elementor-element-2250bf76 elementor-widget elementor-widget-spacer\" data-id=\"2250bf76\" data-element_type=\"widget\" data-widget_type=\"spacer.default\">\n\t\t\t\t<div class=\"elementor-widget-container\">\n\t\t\t\t\t\t\t<div class=\"elementor-spacer\">\n\t\t\t<div class=\"elementor-spacer-inner\"><\/div>\n\t\t<\/div>\n\t\t\t\t\t\t<\/div>\n\t\t\t\t<\/div>\n\t\t\t\t\t<\/div>\n\t\t<\/div>\n\t\t\t\t\t<\/div>\n\t\t<\/section>\n\t\t\t\t<section class=\"elementor-section elementor-top-section elementor-element elementor-element-7cea9383 wd-section-stretch elementor-section-boxed elementor-section-height-default elementor-section-height-default\" data-id=\"7cea9383\" data-element_type=\"section\">\n\t\t\t\t\t\t<div class=\"elementor-container elementor-column-gap-default\">\n\t\t\t\t\t<div class=\"elementor-column elementor-col-50 elementor-top-column elementor-element elementor-element-5b75e3f4\" data-id=\"5b75e3f4\" data-element_type=\"column\" data-settings=\"{&quot;background_background&quot;:&quot;classic&quot;}\">\n\t\t\t<div class=\"elementor-widget-wrap elementor-element-populated\">\n\t\t\t\t\t\t<div class=\"elementor-element elementor-element-7070c549 elementor-widget elementor-widget-image\" data-id=\"7070c549\" data-element_type=\"widget\" data-widget_type=\"image.default\">\n\t\t\t\t<div class=\"elementor-widget-container\">\n\t\t\t\t\t\t\t\t\t\t\t\t\t\t\t<img decoding=\"async\" width=\"1920\" height=\"1080\" src=\"http:\/\/www.3plrivenord.com\/wp-content\/uploads\/2024\/10\/Transport.jpg\" class=\"attachment-full size-full wp-image-171\" alt=\"3PLRivenord branded truck driving cross-region with logistics cargo\" srcset=\"http:\/\/www.3plrivenord.com\/wp-content\/uploads\/2024\/10\/Transport.jpg 1920w, http:\/\/www.3plrivenord.com\/wp-content\/uploads\/2024\/10\/Transport-300x169.jpg 300w, http:\/\/www.3plrivenord.com\/wp-content\/uploads\/2024\/10\/Transport-1024x576.jpg 1024w, http:\/\/www.3plrivenord.com\/wp-content\/uploads\/2024\/10\/Transport-768x432.jpg 768w, http:\/\/www.3plrivenord.com\/wp-content\/uploads\/2024\/10\/Transport-1536x864.jpg 1536w\" sizes=\"(max-width: 1920px) 100vw, 1920px\" title=\"Transportjpg | 3PL RiveNord\" \/>\t\t\t\t\t\t\t\t\t\t\t\t\t\t\t<\/div>\n\t\t\t\t<\/div>\n\t\t\t\t\t<\/div>\n\t\t<\/div>\n\t\t\t\t<div class=\"elementor-column elementor-col-50 elementor-top-column elementor-element elementor-element-79a6922\" data-id=\"79a6922\" data-element_type=\"column\">\n\t\t\t<div class=\"elementor-widget-wrap elementor-element-populated\">\n\t\t\t\t\t\t<div class=\"elementor-element elementor-element-265abb65 elementor-widget elementor-widget-heading\" data-id=\"265abb65\" data-element_type=\"widget\" data-widget_type=\"heading.default\">\n\t\t\t\t<div class=\"elementor-widget-container\">\n\t\t\t\t\t<h2 class=\"elementor-heading-title elementor-size-default\">Op\u00e9rations optimis\u00e9es<\/h2>\t\t\t\t<\/div>\n\t\t\t\t<\/div>\n\t\t\t\t<div class=\"elementor-element elementor-element-381dc6bd color-scheme-inherit text-left elementor-widget elementor-widget-text-editor\" data-id=\"381dc6bd\" data-element_type=\"widget\" data-widget_type=\"text-editor.default\">\n\t\t\t\t<div class=\"elementor-widget-container\">\n\t\t\t\t\t\t\t\t\t<p>D\u00e9couvrez une logistique fluide gr\u00e2ce \u00e0 notre gamme compl\u00e8te de services de transport, d\u2019entreposage et de distribution. Nos solutions de transport assurent un mouvement efficace des marchandises, avec des itin\u00e9raires optimis\u00e9s et un processus de d\u00e9douanement simplifi\u00e9. Profitez d\u2019options de stockage s\u00e9curis\u00e9es, d\u2019une gestion des inventaires en temps r\u00e9el et d\u2019une pr\u00e9paration des commandes sans fautes. Nos services de centres de distribution am\u00e9liorent l\u2019efficacit\u00e9 de votre cha\u00eene d\u2019approvisionnement, tandis que notre livraison du dernier kilom\u00e8tre garantit des exp\u00e9ditions fiables et \u00e0 temps.<\/p>\t\t\t\t\t\t\t\t<\/div>\n\t\t\t\t<\/div>\n\t\t\t\t\t<\/div>\n\t\t<\/div>\n\t\t\t\t\t<\/div>\n\t\t<\/section>\n\t\t\t\t<section class=\"wd-negative-gap elementor-section elementor-top-section elementor-element elementor-element-988f19 elementor-section-boxed elementor-section-height-default elementor-section-height-default\" data-id=\"988f19\" data-element_type=\"section\">\n\t\t\t\t\t\t<div class=\"elementor-container elementor-column-gap-default\">\n\t\t\t\t\t<div class=\"elementor-column elementor-col-100 elementor-top-column elementor-element elementor-element-7e00aebe\" data-id=\"7e00aebe\" data-element_type=\"column\">\n\t\t\t<div class=\"elementor-widget-wrap elementor-element-populated\">\n\t\t\t\t\t\t<div class=\"elementor-element elementor-element-22c5d7dc elementor-widget elementor-widget-spacer\" data-id=\"22c5d7dc\" data-element_type=\"widget\" data-widget_type=\"spacer.default\">\n\t\t\t\t<div class=\"elementor-widget-container\">\n\t\t\t\t\t\t\t<div class=\"elementor-spacer\">\n\t\t\t<div class=\"elementor-spacer-inner\"><\/div>\n\t\t<\/div>\n\t\t\t\t\t\t<\/div>\n\t\t\t\t<\/div>\n\t\t\t\t\t<\/div>\n\t\t<\/div>\n\t\t\t\t\t<\/div>\n\t\t<\/section>\n\t\t\t\t<\/div>\n\t\t","protected":false},"excerpt":{"rendered":"<p>Pourquoi choisir A1-3PL\u202f? Collaborer avec nous vous permet d&rsquo;\u00e9viter les charges financi\u00e8res li\u00e9es au loyer fixe, \u00e0 l&rsquo;infrastructure et au<\/p>\n","protected":false},"author":1,"featured_media":0,"parent":0,"menu_order":0,"comment_status":"closed","ping_status":"closed","template":"","meta":{"footnotes":""},"class_list":["post-211","page","type-page","status-publish","hentry"],"aioseo_notices":[],"_links":{"self":[{"href":"https:\/\/www.3plrivenord.com\/fr\/wp-json\/wp\/v2\/pages\/211","targetHints":{"allow":["GET"]}}],"collection":[{"href":"https:\/\/www.3plrivenord.com\/fr\/wp-json\/wp\/v2\/pages"}],"about":[{"href":"https:\/\/www.3plrivenord.com\/fr\/wp-json\/wp\/v2\/types\/page"}],"author":[{"embeddable":true,"href":"https:\/\/www.3plrivenord.com\/fr\/wp-json\/wp\/v2\/users\/1"}],"replies":[{"embeddable":true,"href":"https:\/\/www.3plrivenord.com\/fr\/wp-json\/wp\/v2\/comments?post=211"}],"version-history":[{"count":7,"href":"https:\/\/www.3plrivenord.com\/fr\/wp-json\/wp\/v2\/pages\/211\/revisions"}],"predecessor-version":[{"id":249,"href":"https:\/\/www.3plrivenord.com\/fr\/wp-json\/wp\/v2\/pages\/211\/revisions\/249"}],"wp:attachment":[{"href":"https:\/\/www.3plrivenord.com\/fr\/wp-json\/wp\/v2\/media?parent=211"}],"curies":[{"name":"wp","href":"https:\/\/api.w.org\/{rel}","templated":true}]}}