{"id":204,"date":"2024-10-08T16:15:52","date_gmt":"2024-10-08T20:15:52","guid":{"rendered":"https:\/\/3plrivenord.com\/our-services\/"},"modified":"2024-10-24T10:56:00","modified_gmt":"2024-10-24T14:56:00","slug":"our-services","status":"publish","type":"page","link":"https:\/\/www.3plrivenord.com\/fr\/our-services\/","title":{"rendered":"Services"},"content":{"rendered":"\t\t<div data-elementor-type=\"wp-page\" data-elementor-id=\"204\" class=\"elementor elementor-204 elementor-97\" data-elementor-post-type=\"page\">\n\t\t\t\t\t\t<section class=\"wd-negative-gap elementor-section elementor-top-section elementor-element elementor-element-4124c184 elementor-section-boxed elementor-section-height-default elementor-section-height-default\" data-id=\"4124c184\" data-element_type=\"section\">\n\t\t\t\t\t\t<div class=\"elementor-container elementor-column-gap-default\">\n\t\t\t\t\t<div class=\"elementor-column elementor-col-100 elementor-top-column elementor-element elementor-element-40036adc\" data-id=\"40036adc\" data-element_type=\"column\">\n\t\t\t<div class=\"elementor-widget-wrap\">\n\t\t\t\t\t\t\t<\/div>\n\t\t<\/div>\n\t\t\t\t\t<\/div>\n\t\t<\/section>\n\t\t\t\t<section class=\"wd-negative-gap elementor-section elementor-top-section elementor-element elementor-element-321c9956 elementor-section-boxed elementor-section-height-default elementor-section-height-default\" data-id=\"321c9956\" data-element_type=\"section\">\n\t\t\t\t\t\t<div class=\"elementor-container elementor-column-gap-default\">\n\t\t\t\t\t<div class=\"elementor-column elementor-col-100 elementor-top-column elementor-element elementor-element-6acb2bad\" data-id=\"6acb2bad\" data-element_type=\"column\">\n\t\t\t<div class=\"elementor-widget-wrap elementor-element-populated\">\n\t\t\t\t\t\t<div class=\"elementor-element elementor-element-16763772 elementor-widget elementor-widget-slider_revolution\" data-id=\"16763772\" data-element_type=\"widget\" data-widget_type=\"slider_revolution.default\">\n\t\t\t\t<div class=\"elementor-widget-container\">\n\t\t\t\t\t\n\t\t<div class=\"wp-block-themepunch-revslider\">\n\t\t\t\t<p class=\"rs-p-wp-fix\"><\/p>\n\t\t\t\t<sr7-module data-alias=\"Service-FR\" data-id=\"6\" id=\"SR7_6_1\" class=\"rs-ov-hidden\" data-version=\"6.7.20\">\n\t\t\t\t\t<sr7-adjuster><\/sr7-adjuster>\n\t\t\t\t\t<sr7-content>\n\t\t\t\t\t\t<sr7-slide id=\"SR7_6_1-11\" data-key=\"11\">\n\t\t\t\t\t\t\t<a id=\"SR7_6_1-11-1\" class=\"sr7-layer\" href=\"https:\/\/www.a13pl.com\/fr\/nous-joindre\/\" target=\"_self\">Contactez-Nous<\/a>\n\t\t\t\t\t\t\t<sr7-txt id=\"SR7_6_1-11-2\" class=\"sr7-layer\">SERVICES 3PL COMPR\u00c9HENSIFS<\/sr7-txt>\n\t\t\t\t\t\t\t<sr7-txt id=\"SR7_6_1-11-5\" class=\"sr7-layer\">Du stockage \u00e0 la distribution, nous g\u00e9rons tous les aspects de votre logistique, garantissant des livraisons ponctuelles et un contr\u00f4le pr\u00e9cis des stocks.<\/sr7-txt>\n\t\t\t\t\t\t<\/sr7-slide>\n\t\t\t\t\t\t<sr7-slide id=\"SR7_6_1-12\" data-key=\"12\">\n\t\t\t\t\t\t<\/sr7-slide>\n\t\t\t\t\t<\/sr7-content>\n\t\t\t\t<\/sr7-module>\n\t\t\t\t<script>\n\t\t\t\t\tSR7.PMH ??={}; SR7.PMH[\"SR7_6_1\"] = {cn:0,state:false,fn: function() { if (_tpt!==undefined && _tpt.prepareModuleHeight !== undefined) {  _tpt.prepareModuleHeight({id:\"SR7_6_1\",el:[650,650,768,960,720],type:'standard',shdw:'0',gh:[650,650,537,408,252],gw:[1240,1240,1024,778,480],vpt:['100px'],size:{fullWidth:true, fullHeight:false},mh:'0',onh:0,onw:0,bg:{color:'{\"orig\":\"transparent\",\"type\":\"solid\",\"string\":\"transparent\"}'}});   SR7.PMH[\"SR7_6_1\"].state=true;} else if((SR7.PMH[\"SR7_6_1\"].cn++)<100)\tsetTimeout( SR7.PMH[\"SR7_6_1\"].fn,19);}};SR7.PMH[\"SR7_6_1\" ].fn();\n\t\t\t\t<\/script>\n<\/div>\n\n\t\t\t\t\t\t<\/div>\n\t\t\t\t<\/div>\n\t\t\t\t\t<\/div>\n\t\t<\/div>\n\t\t\t\t\t<\/div>\n\t\t<\/section>\n\t\t\t\t<section class=\"elementor-section elementor-top-section elementor-element elementor-element-3233ad07 wd-section-stretch elementor-section-boxed elementor-section-height-default elementor-section-height-default\" data-id=\"3233ad07\" data-element_type=\"section\">\n\t\t\t\t\t\t<div class=\"elementor-container elementor-column-gap-default\">\n\t\t\t\t\t<div class=\"elementor-column elementor-col-50 elementor-top-column elementor-element elementor-element-1474d301\" data-id=\"1474d301\" data-element_type=\"column\">\n\t\t\t<div class=\"elementor-widget-wrap elementor-element-populated\">\n\t\t\t\t\t\t<div class=\"elementor-element elementor-element-50b523a6 elementor-widget elementor-widget-heading\" data-id=\"50b523a6\" data-element_type=\"widget\" data-widget_type=\"heading.default\">\n\t\t\t\t<div class=\"elementor-widget-container\">\n\t\t\t\t\t<h2 class=\"elementor-heading-title elementor-size-default\">NOS SERVICES<\/h2>\t\t\t\t<\/div>\n\t\t\t\t<\/div>\n\t\t\t\t<div class=\"elementor-element elementor-element-63f87fea elementor-widget elementor-widget-heading\" data-id=\"63f87fea\" data-element_type=\"widget\" data-widget_type=\"heading.default\">\n\t\t\t\t<div class=\"elementor-widget-container\">\n\t\t\t\t\t<h4 class=\"elementor-heading-title elementor-size-default\">Associez-vous \u00e0 A1-3PL pour la Croissance et le Succ\u00e8s de votre entreprise<\/h4>\t\t\t\t<\/div>\n\t\t\t\t<\/div>\n\t\t\t\t<div class=\"elementor-element elementor-element-59e59c9d color-scheme-inherit text-left elementor-widget elementor-widget-text-editor\" data-id=\"59e59c9d\" data-element_type=\"widget\" data-widget_type=\"text-editor.default\">\n\t\t\t\t<div class=\"elementor-widget-container\">\n\t\t\t\t\t\t\t\t\t<p>Chez A1-3PL, nous nous engageons \u00e0 soutenir les entreprises dans leur r\u00e9ussite en proposant des solutions logistiques novatrices qui favorisent la croissance. Nous mettons \u00e0 votre disposition une expertise approfondie et des ressources compl\u00e8tes pour optimiser votre cha\u00eene d\u2019approvisionnement, allant de la gestion des stocks \u00e0 l\u2019ex\u00e9cution des commandes, ainsi qu&rsquo;aux services de centres de distribution. Collaborez avec nous d\u00e8s aujourd&rsquo;hui pour d\u00e9couvrir tout le potentiel de vos op\u00e9rations logistiques.<\/p>\t\t\t\t\t\t\t\t<\/div>\n\t\t\t\t<\/div>\n\t\t\t\t\t<\/div>\n\t\t<\/div>\n\t\t\t\t<div class=\"elementor-column elementor-col-50 elementor-top-column elementor-element elementor-element-765224f5\" data-id=\"765224f5\" data-element_type=\"column\" data-settings=\"{&quot;background_background&quot;:&quot;classic&quot;}\">\n\t\t\t<div class=\"elementor-widget-wrap elementor-element-populated\">\n\t\t\t\t\t\t<div class=\"elementor-element elementor-element-726f4f78 elementor-widget elementor-widget-image\" data-id=\"726f4f78\" data-element_type=\"widget\" data-widget_type=\"image.default\">\n\t\t\t\t<div class=\"elementor-widget-container\">\n\t\t\t\t\t\t\t\t\t\t\t\t\t\t\t<img fetchpriority=\"high\" decoding=\"async\" width=\"1920\" height=\"1080\" src=\"http:\/\/www.3plrivenord.com\/wp-content\/uploads\/2024\/10\/services-img-1920x1080-1.jpg\" class=\"attachment-full size-full wp-image-163\" alt=\"Collaborative team environment inside 3PLRivenord warehouse\" srcset=\"http:\/\/www.3plrivenord.com\/wp-content\/uploads\/2024\/10\/services-img-1920x1080-1.jpg 1920w, http:\/\/www.3plrivenord.com\/wp-content\/uploads\/2024\/10\/services-img-1920x1080-1-300x169.jpg 300w, http:\/\/www.3plrivenord.com\/wp-content\/uploads\/2024\/10\/services-img-1920x1080-1-1024x576.jpg 1024w, http:\/\/www.3plrivenord.com\/wp-content\/uploads\/2024\/10\/services-img-1920x1080-1-768x432.jpg 768w, http:\/\/www.3plrivenord.com\/wp-content\/uploads\/2024\/10\/services-img-1920x1080-1-1536x864.jpg 1536w\" sizes=\"(max-width: 1920px) 100vw, 1920px\" title=\"services-img-1920x1080-1jpg | 3PL RiveNord\" \/>\t\t\t\t\t\t\t\t\t\t\t\t\t\t\t<\/div>\n\t\t\t\t<\/div>\n\t\t\t\t\t<\/div>\n\t\t<\/div>\n\t\t\t\t\t<\/div>\n\t\t<\/section>\n\t\t\t\t<section class=\"wd-negative-gap elementor-section elementor-top-section elementor-element elementor-element-4d81d2d5 wd-section-stretch elementor-section-boxed elementor-section-height-default elementor-section-height-default\" data-id=\"4d81d2d5\" data-element_type=\"section\" data-settings=\"{&quot;background_background&quot;:&quot;classic&quot;}\">\n\t\t\t\t\t\t\t<div class=\"elementor-background-overlay\"><\/div>\n\t\t\t\t\t\t\t<div class=\"elementor-container elementor-column-gap-default\">\n\t\t\t\t\t<div class=\"elementor-column elementor-col-100 elementor-top-column elementor-element elementor-element-6e4e8402\" data-id=\"6e4e8402\" data-element_type=\"column\">\n\t\t\t<div class=\"elementor-widget-wrap elementor-element-populated\">\n\t\t\t\t\t\t<section class=\"elementor-section elementor-inner-section elementor-element elementor-element-409b5a4f wd-section-stretch-content elementor-section-boxed elementor-section-height-default elementor-section-height-default\" data-id=\"409b5a4f\" data-element_type=\"section\">\n\t\t\t\t\t\t<div class=\"elementor-container elementor-column-gap-default\">\n\t\t\t\t\t<div class=\"elementor-column elementor-col-50 elementor-inner-column elementor-element elementor-element-1ea840a0\" data-id=\"1ea840a0\" data-element_type=\"column\">\n\t\t\t<div class=\"elementor-widget-wrap elementor-element-populated\">\n\t\t\t\t\t\t<div class=\"elementor-element elementor-element-12d2f268 elementor-widget elementor-widget-image\" data-id=\"12d2f268\" data-element_type=\"widget\" data-widget_type=\"image.default\">\n\t\t\t\t<div class=\"elementor-widget-container\">\n\t\t\t\t\t\t\t\t\t\t\t\t\t\t\t<img decoding=\"async\" width=\"1024\" height=\"576\" src=\"http:\/\/www.3plrivenord.com\/wp-content\/uploads\/2024\/10\/Other-Warehouse-1024x576.jpg\" class=\"attachment-large size-large wp-image-165\" alt=\"Forklift operating smoothly between tall racks at 3PLRivenord\" srcset=\"http:\/\/www.3plrivenord.com\/wp-content\/uploads\/2024\/10\/Other-Warehouse-1024x576.jpg 1024w, http:\/\/www.3plrivenord.com\/wp-content\/uploads\/2024\/10\/Other-Warehouse-300x169.jpg 300w, http:\/\/www.3plrivenord.com\/wp-content\/uploads\/2024\/10\/Other-Warehouse-768x432.jpg 768w, http:\/\/www.3plrivenord.com\/wp-content\/uploads\/2024\/10\/Other-Warehouse-1536x864.jpg 1536w, http:\/\/www.3plrivenord.com\/wp-content\/uploads\/2024\/10\/Other-Warehouse.jpg 1920w\" sizes=\"(max-width: 1024px) 100vw, 1024px\" title=\"Other-Warehousejpg | 3PL RiveNord\" \/>\t\t\t\t\t\t\t\t\t\t\t\t\t\t\t<\/div>\n\t\t\t\t<\/div>\n\t\t\t\t\t<\/div>\n\t\t<\/div>\n\t\t\t\t<div class=\"elementor-column elementor-col-50 elementor-inner-column elementor-element elementor-element-3806edfd\" data-id=\"3806edfd\" data-element_type=\"column\">\n\t\t\t<div class=\"elementor-widget-wrap elementor-element-populated\">\n\t\t\t\t\t\t<div class=\"elementor-element elementor-element-6be062ce elementor-widget elementor-widget-heading\" data-id=\"6be062ce\" data-element_type=\"widget\" data-widget_type=\"heading.default\">\n\t\t\t\t<div class=\"elementor-widget-container\">\n\t\t\t\t\t<h2 class=\"elementor-heading-title elementor-size-default\">Industries<\/h2>\t\t\t\t<\/div>\n\t\t\t\t<\/div>\n\t\t\t\t<div class=\"elementor-element elementor-element-580dfc1d color-scheme-inherit text-left elementor-widget elementor-widget-text-editor\" data-id=\"580dfc1d\" data-element_type=\"widget\" data-widget_type=\"text-editor.default\">\n\t\t\t\t<div class=\"elementor-widget-container\">\n\t\t\t\t\t\t\t\t\t<p>Chez A1-3PL, nous sommes fiers d&rsquo;offrir des solutions logistiques de haute qualit\u00e9, sp\u00e9cialement con\u00e7ues pour r\u00e9pondre aux besoins uniques de diverses industries. Notre expertise vari\u00e9e nous permet de servir un large \u00e9ventail de secteurs, assurant ainsi des op\u00e9rations logistiques efficaces et une gestion claire de la cha\u00eene d\u2019approvisionnement.<\/p>\t\t\t\t\t\t\t\t<\/div>\n\t\t\t\t<\/div>\n\t\t\t\t\t<\/div>\n\t\t<\/div>\n\t\t\t\t\t<\/div>\n\t\t<\/section>\n\t\t\t\t\t<\/div>\n\t\t<\/div>\n\t\t\t\t\t<\/div>\n\t\t<\/section>\n\t\t\t\t<section class=\"wd-negative-gap elementor-section elementor-top-section elementor-element elementor-element-395a8620 elementor-section-boxed elementor-section-height-default elementor-section-height-default\" data-id=\"395a8620\" data-element_type=\"section\">\n\t\t\t\t\t\t<div class=\"elementor-container elementor-column-gap-default\">\n\t\t\t\t\t<div class=\"elementor-column elementor-col-100 elementor-top-column elementor-element elementor-element-4f845979\" data-id=\"4f845979\" data-element_type=\"column\">\n\t\t\t<div class=\"elementor-widget-wrap elementor-element-populated\">\n\t\t\t\t\t\t<div class=\"elementor-element elementor-element-1adc9991 elementor-widget elementor-widget-spacer\" data-id=\"1adc9991\" data-element_type=\"widget\" data-widget_type=\"spacer.default\">\n\t\t\t\t<div class=\"elementor-widget-container\">\n\t\t\t\t\t\t\t<div class=\"elementor-spacer\">\n\t\t\t<div class=\"elementor-spacer-inner\"><\/div>\n\t\t<\/div>\n\t\t\t\t\t\t<\/div>\n\t\t\t\t<\/div>\n\t\t\t\t\t<\/div>\n\t\t<\/div>\n\t\t\t\t\t<\/div>\n\t\t<\/section>\n\t\t\t\t<section class=\"elementor-section elementor-top-section elementor-element elementor-element-3b1e6c86 wd-section-stretch elementor-section-boxed elementor-section-height-default elementor-section-height-default\" data-id=\"3b1e6c86\" data-element_type=\"section\">\n\t\t\t\t\t\t<div class=\"elementor-container elementor-column-gap-default\">\n\t\t\t\t\t<div class=\"elementor-column elementor-col-100 elementor-top-column elementor-element elementor-element-5eb1a24f\" data-id=\"5eb1a24f\" data-element_type=\"column\">\n\t\t\t<div class=\"elementor-widget-wrap elementor-element-populated\">\n\t\t\t\t\t\t<div class=\"elementor-element elementor-element-2d5f2ead elementor-widget elementor-widget-heading\" data-id=\"2d5f2ead\" data-element_type=\"widget\" data-widget_type=\"heading.default\">\n\t\t\t\t<div class=\"elementor-widget-container\">\n\t\t\t\t\t<h2 class=\"elementor-heading-title elementor-size-default\">Nos services de 3PL<\/h2>\t\t\t\t<\/div>\n\t\t\t\t<\/div>\n\t\t\t\t<section class=\"wd-negative-gap elementor-section elementor-inner-section elementor-element elementor-element-15d8bdad elementor-section-boxed elementor-section-height-default elementor-section-height-default\" data-id=\"15d8bdad\" data-element_type=\"section\">\n\t\t\t\t\t\t<div class=\"elementor-container elementor-column-gap-default\">\n\t\t\t\t\t<div class=\"elementor-column elementor-col-50 elementor-inner-column elementor-element elementor-element-2d29f77e\" data-id=\"2d29f77e\" data-element_type=\"column\">\n\t\t\t<div class=\"elementor-widget-wrap elementor-element-populated\">\n\t\t\t\t\t\t<div class=\"elementor-element elementor-element-784034a9 elementor-widget elementor-widget-heading\" data-id=\"784034a9\" data-element_type=\"widget\" data-widget_type=\"heading.default\">\n\t\t\t\t<div class=\"elementor-widget-container\">\n\t\t\t\t\t<h4 class=\"elementor-heading-title elementor-size-default\">Solutions de stockage<\/h4>\t\t\t\t<\/div>\n\t\t\t\t<\/div>\n\t\t\t\t<div class=\"elementor-element elementor-element-36e91d87 color-scheme-inherit text-left elementor-widget elementor-widget-text-editor\" data-id=\"36e91d87\" data-element_type=\"widget\" data-widget_type=\"text-editor.default\">\n\t\t\t\t<div class=\"elementor-widget-container\">\n\t\t\t\t\t\t\t\t\t<p>D\u00e9posez vos marchandises dans nos entrep\u00f4ts modernes et s\u00e9curis\u00e9s. Avec nos syst\u00e8mes de gestion des inventaires avanc\u00e9s, nous garantissons un stockage bien organis\u00e9 et facilement accessible, con\u00e7u pour r\u00e9pondre \u00e0 vos besoins \u00e0 court ou long terme.<\/p>\t\t\t\t\t\t\t\t<\/div>\n\t\t\t\t<\/div>\n\t\t\t\t\t<\/div>\n\t\t<\/div>\n\t\t\t\t<div class=\"elementor-column elementor-col-50 elementor-inner-column elementor-element elementor-element-713fb2d1\" data-id=\"713fb2d1\" data-element_type=\"column\">\n\t\t\t<div class=\"elementor-widget-wrap elementor-element-populated\">\n\t\t\t\t\t\t<div class=\"elementor-element elementor-element-1714d1cc elementor-widget elementor-widget-heading\" data-id=\"1714d1cc\" data-element_type=\"widget\" data-widget_type=\"heading.default\">\n\t\t\t\t<div class=\"elementor-widget-container\">\n\t\t\t\t\t<h4 class=\"elementor-heading-title elementor-size-default\">Gestion strat\u00e9gique de la distribution<\/h4>\t\t\t\t<\/div>\n\t\t\t\t<\/div>\n\t\t\t\t<div class=\"elementor-element elementor-element-4ed6ca5c color-scheme-inherit text-left elementor-widget elementor-widget-text-editor\" data-id=\"4ed6ca5c\" data-element_type=\"widget\" data-widget_type=\"text-editor.default\">\n\t\t\t\t<div class=\"elementor-widget-container\">\n\t\t\t\t\t\t\t\t\t<p>Optimisez l\u2019efficacit\u00e9 de votre cha\u00eene d\u2019approvisionnement gr\u00e2ce \u00e0 nos centres id\u00e9alement situ\u00e9s. Diminuez les d\u00e9lais et les co\u00fbts de transport tout en am\u00e9liorant la performance. Nos services sur mesure favorisent l\u2019expansion vers de nouveaux march\u00e9s et l\u2019optimisation des r\u00e9seaux en place.<\/p>\t\t\t\t\t\t\t\t<\/div>\n\t\t\t\t<\/div>\n\t\t\t\t\t<\/div>\n\t\t<\/div>\n\t\t\t\t\t<\/div>\n\t\t<\/section>\n\t\t\t\t<section class=\"wd-negative-gap elementor-section elementor-inner-section elementor-element elementor-element-303db032 elementor-section-boxed elementor-section-height-default elementor-section-height-default\" data-id=\"303db032\" data-element_type=\"section\">\n\t\t\t\t\t\t<div class=\"elementor-container elementor-column-gap-default\">\n\t\t\t\t\t<div class=\"elementor-column elementor-col-50 elementor-inner-column elementor-element elementor-element-5abdf1bd\" data-id=\"5abdf1bd\" data-element_type=\"column\">\n\t\t\t<div class=\"elementor-widget-wrap elementor-element-populated\">\n\t\t\t\t\t\t<div class=\"elementor-element elementor-element-30d6eea4 elementor-widget elementor-widget-heading\" data-id=\"30d6eea4\" data-element_type=\"widget\" data-widget_type=\"heading.default\">\n\t\t\t\t<div class=\"elementor-widget-container\">\n\t\t\t\t\t<h4 class=\"elementor-heading-title elementor-size-default\">Gestion avanc\u00e9e des inventaires<\/h4>\t\t\t\t<\/div>\n\t\t\t\t<\/div>\n\t\t\t\t<div class=\"elementor-element elementor-element-716f6424 color-scheme-inherit text-left elementor-widget elementor-widget-text-editor\" data-id=\"716f6424\" data-element_type=\"widget\" data-widget_type=\"text-editor.default\">\n\t\t\t\t<div class=\"elementor-widget-container\">\n\t\t\t\t\t\t\t\t\t<p>Am\u00e9liorez la gestion de vos inventaires gr\u00e2ce \u00e0 nos solutions d&rsquo;entreposage avanc\u00e9es. Profitez d&rsquo;un suivi en temps r\u00e9el pour une visibilit\u00e9 totale, d&rsquo;un stockage bien organis\u00e9 pour un acc\u00e8s facilit\u00e9, et d&rsquo;une s\u00e9curit\u00e9 renforc\u00e9e pour assurer la protection de vos marchandises \u00e0 tout moment.<\/p>\t\t\t\t\t\t\t\t<\/div>\n\t\t\t\t<\/div>\n\t\t\t\t\t<\/div>\n\t\t<\/div>\n\t\t\t\t<div class=\"elementor-column elementor-col-50 elementor-inner-column elementor-element elementor-element-59ad725c\" data-id=\"59ad725c\" data-element_type=\"column\">\n\t\t\t<div class=\"elementor-widget-wrap elementor-element-populated\">\n\t\t\t\t\t\t<div class=\"elementor-element elementor-element-c3b373c elementor-widget elementor-widget-heading\" data-id=\"c3b373c\" data-element_type=\"widget\" data-widget_type=\"heading.default\">\n\t\t\t\t<div class=\"elementor-widget-container\">\n\t\t\t\t\t<h4 class=\"elementor-heading-title elementor-size-default\">Gestion compl\u00e8te des commandes et des livraisons<\/h4>\t\t\t\t<\/div>\n\t\t\t\t<\/div>\n\t\t\t\t<div class=\"elementor-element elementor-element-52488f73 color-scheme-inherit text-left elementor-widget elementor-widget-text-editor\" data-id=\"52488f73\" data-element_type=\"widget\" data-widget_type=\"text-editor.default\">\n\t\t\t\t<div class=\"elementor-widget-container\">\n\t\t\t\t\t\t\t\t\t<p>Garantissez une satisfaction compl\u00e8te de vos clients gr\u00e2ce \u00e0 une gestion pr\u00e9cise, rapide et fiable des commandes, de la r\u00e9ception \u00e0 la livraison. Notre approche int\u00e9gr\u00e9e favorise continuellement la fid\u00e9lit\u00e9 des clients et stimule les achats r\u00e9currents.<\/p>\t\t\t\t\t\t\t\t<\/div>\n\t\t\t\t<\/div>\n\t\t\t\t\t<\/div>\n\t\t<\/div>\n\t\t\t\t\t<\/div>\n\t\t<\/section>\n\t\t\t\t<section class=\"wd-negative-gap elementor-section elementor-inner-section elementor-element elementor-element-50b5567c elementor-section-boxed elementor-section-height-default elementor-section-height-default\" data-id=\"50b5567c\" data-element_type=\"section\">\n\t\t\t\t\t\t<div class=\"elementor-container elementor-column-gap-default\">\n\t\t\t\t\t<div class=\"elementor-column elementor-col-50 elementor-inner-column elementor-element elementor-element-6995a6ba\" data-id=\"6995a6ba\" data-element_type=\"column\">\n\t\t\t<div class=\"elementor-widget-wrap elementor-element-populated\">\n\t\t\t\t\t\t<div class=\"elementor-element elementor-element-1d700d3b elementor-widget elementor-widget-heading\" data-id=\"1d700d3b\" data-element_type=\"widget\" data-widget_type=\"heading.default\">\n\t\t\t\t<div class=\"elementor-widget-container\">\n\t\t\t\t\t<h4 class=\"elementor-heading-title elementor-size-default\">Technologie avanc\u00e9e et distribution personnalis\u00e9e<\/h4>\t\t\t\t<\/div>\n\t\t\t\t<\/div>\n\t\t\t\t<div class=\"elementor-element elementor-element-2cae67fa color-scheme-inherit text-left elementor-widget elementor-widget-text-editor\" data-id=\"2cae67fa\" data-element_type=\"widget\" data-widget_type=\"text-editor.default\">\n\t\t\t\t<div class=\"elementor-widget-container\">\n\t\t\t\t\t\t\t\t\t<p>Nos syst\u00e8mes WMS et TMS fournissent un suivi en temps r\u00e9el gr\u00e2ce \u00e0 un portail web intuitif. Avec une \u00e9quipe d\u00e9vou\u00e9e, un support rapide et des solutions flexibles, nous assurons une gestion fluide et personnalis\u00e9e de vos besoins en inventaire.<\/p>\t\t\t\t\t\t\t\t<\/div>\n\t\t\t\t<\/div>\n\t\t\t\t\t<\/div>\n\t\t<\/div>\n\t\t\t\t<div class=\"elementor-column elementor-col-50 elementor-inner-column elementor-element elementor-element-5790d145\" data-id=\"5790d145\" data-element_type=\"column\">\n\t\t\t<div class=\"elementor-widget-wrap elementor-element-populated\">\n\t\t\t\t\t\t<div class=\"elementor-element elementor-element-4d5bdef1 elementor-widget elementor-widget-heading\" data-id=\"4d5bdef1\" data-element_type=\"widget\" data-widget_type=\"heading.default\">\n\t\t\t\t<div class=\"elementor-widget-container\">\n\t\t\t\t\t<h4 class=\"elementor-heading-title elementor-size-default\">Solutions logistiques et de distribution int\u00e9gr\u00e9es<\/h4>\t\t\t\t<\/div>\n\t\t\t\t<\/div>\n\t\t\t\t<div class=\"elementor-element elementor-element-7153cc24 color-scheme-inherit text-left elementor-widget elementor-widget-text-editor\" data-id=\"7153cc24\" data-element_type=\"widget\" data-widget_type=\"text-editor.default\">\n\t\t\t\t<div class=\"elementor-widget-container\">\n\t\t\t\t\t\t\t\t\t<p>Nous proposons des services de cross-docking pour optimiser les co\u00fbts, garantir une pr\u00e9paration des commandes pr\u00e9cise, faciliter un tri efficace et assurer une livraison fiable du dernier kilom\u00e8tre. Avec un stockage s\u00e9curis\u00e9, une gestion des inventaires en temps r\u00e9el et une gamme diversifi\u00e9e d&rsquo;options de transport, nous garantissons une logistique mondiale fluide et efficace.<\/p>\t\t\t\t\t\t\t\t<\/div>\n\t\t\t\t<\/div>\n\t\t\t\t\t<\/div>\n\t\t<\/div>\n\t\t\t\t\t<\/div>\n\t\t<\/section>\n\t\t\t\t\t<\/div>\n\t\t<\/div>\n\t\t\t\t\t<\/div>\n\t\t<\/section>\n\t\t\t\t<\/div>\n\t\t","protected":false},"excerpt":{"rendered":"<p>NOS SERVICES Associez-vous \u00e0 A1-3PL pour la Croissance et le Succ\u00e8s de votre entreprise Chez A1-3PL, nous nous engageons \u00e0<\/p>\n","protected":false},"author":1,"featured_media":0,"parent":0,"menu_order":0,"comment_status":"closed","ping_status":"closed","template":"","meta":{"footnotes":""},"class_list":["post-204","page","type-page","status-publish","hentry"],"aioseo_notices":[],"_links":{"self":[{"href":"https:\/\/www.3plrivenord.com\/fr\/wp-json\/wp\/v2\/pages\/204","targetHints":{"allow":["GET"]}}],"collection":[{"href":"https:\/\/www.3plrivenord.com\/fr\/wp-json\/wp\/v2\/pages"}],"about":[{"href":"https:\/\/www.3plrivenord.com\/fr\/wp-json\/wp\/v2\/types\/page"}],"author":[{"embeddable":true,"href":"https:\/\/www.3plrivenord.com\/fr\/wp-json\/wp\/v2\/users\/1"}],"replies":[{"embeddable":true,"href":"https:\/\/www.3plrivenord.com\/fr\/wp-json\/wp\/v2\/comments?post=204"}],"version-history":[{"count":9,"href":"https:\/\/www.3plrivenord.com\/fr\/wp-json\/wp\/v2\/pages\/204\/revisions"}],"predecessor-version":[{"id":273,"href":"https:\/\/www.3plrivenord.com\/fr\/wp-json\/wp\/v2\/pages\/204\/revisions\/273"}],"wp:attachment":[{"href":"https:\/\/www.3plrivenord.com\/fr\/wp-json\/wp\/v2\/media?parent=204"}],"curies":[{"name":"wp","href":"https:\/\/api.w.org\/{rel}","templated":true}]}}